{"id":205,"date":"2025-08-06T10:08:26","date_gmt":"2025-08-06T10:08:26","guid":{"rendered":"http:\/\/fcslux.be\/?page_id=205"},"modified":"2025-08-08T08:22:07","modified_gmt":"2025-08-08T08:22:07","slug":"custom","status":"publish","type":"page","link":"https:\/\/fcslux.be\/index.php\/custom\/","title":{"rendered":"Custom"},"content":{"rendered":"\n<div class=\"wp-block-cover alignfull is-light has-text-color\" style=\"color:#422f01;margin-top:0;margin-bottom:0;padding-top:250px;padding-bottom:100px;min-height:50px;aspect-ratio:unset;\"><span aria-hidden=\"true\" class=\"wp-block-cover__background has-background-dim-10 has-background-dim\" style=\"background-color:#1d86b5\"><\/span><div class=\"wp-block-cover__inner-container has-global-padding is-layout-constrained wp-container-core-cover-is-layout-60668116 wp-block-cover-is-layout-constrained\">\n<div class=\"wp-block-columns is-layout-flex wp-container-core-columns-is-layout-28f84493 wp-block-columns-is-layout-flex\">\n<div class=\"wp-block-column is-layout-flow wp-block-column-is-layout-flow\" style=\"flex-basis:700px\">\n<h1 class=\"wp-block-heading has-text-color\" id=\"mqF8JDI3DGI0YdFC\" style=\"color:#422f01;padding-right:0;font-size:clamp(27.42px, 1.714rem + ((1vw - 3.2px) * 2.225), 47px);line-height:1.1\"><strong><strong>Custom<\/strong><\/strong><br>Sur devis<\/h1>\n<\/div>\n<\/div>\n<\/div><\/div>\n\n\n\n<div class=\"wp-block-cover alignfull is-light has-text-color\" style=\"color:#422f01;margin-top:0;margin-bottom:0;padding-top:120px;padding-bottom:120px\"><span aria-hidden=\"true\" class=\"wp-block-cover__background has-white-background-color has-background-dim-100 has-background-dim\"><\/span><div class=\"wp-block-cover__inner-container has-global-padding is-layout-constrained wp-container-core-cover-is-layout-bd210d9c wp-block-cover-is-layout-constrained\">\n<h2 class=\"wp-block-heading has-text-align-center has-text-color has-link-color wp-elements-676ac576e0fe56fd6f86460f828d7196\" style=\"color:#422f01;margin-top:0px;margin-bottom:30px;font-size:clamp(35.2px, 2.2rem + ((1vw - 3.2px) * 3.273), 64px);\">D\u00e9veloppement sur-mesure<\/h2>\n\n\n\n<div class=\"wp-block-columns is-layout-flex wp-container-core-columns-is-layout-28f84493 wp-block-columns-is-layout-flex\">\n<div class=\"wp-block-column is-layout-flow wp-block-column-is-layout-flow\" style=\"padding-right:36px;padding-left:36px\">\n<h3 class=\"wp-block-heading has-text-align-left has-text-color has-link-color wp-elements-02cb9fe2d3e28c16a844f6a34aaec9cc\" style=\"color:#422f01;margin-top:40px;margin-bottom:12px;font-size:clamp(15.747px, 0.984rem + ((1vw - 3.2px) * 0.938), 24px);font-style:normal;font-weight:700;line-height:1.5\"><strong><strong><strong>Personnalisation sur-mesure<\/strong><\/strong><\/strong><\/h3>\n\n\n\n<p>Chaque entreprise est unique. C\u2019est pourquoi nous offrons la possibilit\u00e9 de personnaliser nos solutions existantes :<\/p>\n\n\n\n<ul class=\"wp-block-list\">\n<li><span style=\"color:#1D86B5;\"><strong>Millenium Basic, Pro ou Business<\/strong><\/span> peuvent \u00eatre <span style=\"color:#1D86B5;\"><strong>modifi\u00e9es sur-mesure<\/strong><\/span> pour r\u00e9pondre \u00e0 vos besoins sp\u00e9cifiques en mati\u00e8re de fonctionnalit\u00e9s, d\u2019interfaces ou de processus m\u00e9tier.<\/li>\n<\/ul>\n<\/div>\n\n\n\n<div class=\"wp-block-column is-layout-flow wp-block-column-is-layout-flow\" style=\"padding-right:36px;padding-left:36px\">\n<h3 class=\"wp-block-heading has-text-align-left has-text-color has-link-color wp-elements-3c0e8a2b4e58c738a8a33f59ada882b3\" style=\"color:#422f01;margin-top:40px;margin-bottom:12px;font-size:clamp(15.747px, 0.984rem + ((1vw - 3.2px) * 0.938), 24px);font-style:normal;font-weight:700;line-height:1.5\"><strong><strong>D\u00e9veloppements sp\u00e9cifiques<\/strong><\/strong><\/h3>\n\n\n\n<p class=\"has-text-align-left has-text-color has-link-color wp-elements-60883c1c3bb30c0b036408fc2f3b8c29\" style=\"color:#422f01;margin-top:0px;font-size:clamp(14px, 0.875rem + ((1vw - 3.2px) * 0.455), 18px);line-height:1.6\">Vous avez un besoin totalement diff\u00e9rent ?<br>Nous r\u00e9alisons \u00e9galement des <span style=\"color:#1D86B5;\"><strong>applications enti\u00e8rement sur-mesure<\/strong><\/span>, ind\u00e9pendantes de notre gamme Millenium, con\u00e7ues de A \u00e0 Z selon vos exigences.<\/p>\n\n\n\n<p class=\"has-text-align-left has-text-color has-link-color wp-elements-b478cae535b19449c221b6e7b3e6ed3a\" style=\"color:#422f01;margin-top:0px;font-size:clamp(14px, 0.875rem + ((1vw - 3.2px) * 0.455), 18px);line-height:1.6\"><strong>Choisissez une solution existante, adaptez-la, ou concevez votre propre application : nous vous accompagnons \u00e0 chaque \u00e9tape.<\/strong><\/p>\n<\/div>\n<\/div>\n\n\n\n<div class=\"wp-block-columns is-layout-flex wp-container-core-columns-is-layout-28f84493 wp-block-columns-is-layout-flex\">\n<div class=\"wp-block-column is-layout-flow wp-block-column-is-layout-flow\" style=\"padding-right:36px;padding-left:36px\"><\/div>\n<\/div>\n<\/div><\/div>\n\n\n\n<div class=\"wp-block-cover alignfull is-light has-text-color\" style=\"color:#422f01;margin-top:0;margin-bottom:0;padding-top:80px;padding-bottom:80px\"><span aria-hidden=\"true\" class=\"wp-block-cover__background has-background-dim-10 has-background-dim\" style=\"background-color:#1d86b5\"><\/span><div class=\"wp-block-cover__inner-container has-global-padding is-layout-constrained wp-container-core-cover-is-layout-7397c33a wp-block-cover-is-layout-constrained\">\n<p class=\"has-text-align-center\" style=\"font-size:clamp(16.834px, 1.052rem + ((1vw - 3.2px) * 1.042), 26px);\"><strong>Comme eux, choisissez vous aussi le sur-mesure !<\/strong><\/p>\n\n\n\n<hr class=\"wp-block-separator aligncenter has-text-color has-cyan-bluish-gray-color has-alpha-channel-opacity has-cyan-bluish-gray-background-color has-background is-style-wide\" style=\"margin-top:50px;margin-bottom:var(--wp--preset--spacing--50)\"\/>\n\n\n\n<div class=\"wp-block-columns is-layout-flex wp-container-core-columns-is-layout-28f84493 wp-block-columns-is-layout-flex\">\n<div class=\"wp-block-column has-global-padding is-layout-constrained wp-container-core-column-is-layout-9118c6b6 wp-block-column-is-layout-constrained\" style=\"padding-top:0px;padding-bottom:0px;padding-left:0rem\">\n<div class=\"wp-block-group has-text-color has-background is-vertical is-content-justification-center is-layout-flex wp-container-core-group-is-layout-e18aa4d6 wp-block-group-is-layout-flex\" style=\"color:#fffffd;background-color:#fffffd;padding-top:0px;padding-right:0px;padding-bottom:0px;padding-left:0px\">\n<figure class=\"wp-block-image size-full is-resized\"><img loading=\"lazy\" decoding=\"async\" width=\"2560\" height=\"1707\" src=\"http:\/\/fcslux.be\/wp-content\/uploads\/2025\/08\/image-scaled.jpg\" alt=\"\" class=\"wp-image-329\" style=\"width:317px;height:auto\" srcset=\"https:\/\/fcslux.be\/wp-content\/uploads\/2025\/08\/image-scaled.jpg 2560w, https:\/\/fcslux.be\/wp-content\/uploads\/2025\/08\/image-300x200.jpg 300w, https:\/\/fcslux.be\/wp-content\/uploads\/2025\/08\/image-1024x683.jpg 1024w, https:\/\/fcslux.be\/wp-content\/uploads\/2025\/08\/image-768x512.jpg 768w, https:\/\/fcslux.be\/wp-content\/uploads\/2025\/08\/image-1536x1024.jpg 1536w, https:\/\/fcslux.be\/wp-content\/uploads\/2025\/08\/image-2048x1365.jpg 2048w\" sizes=\"auto, (max-width: 2560px) 100vw, 2560px\" \/><\/figure>\n\n\n\n<div class=\"wp-block-group has-global-padding is-layout-constrained wp-container-core-group-is-layout-65d5fd96 wp-block-group-is-layout-constrained\" style=\"padding-top:2.01rem;padding-right:2.01rem;padding-bottom:2.51rem;padding-left:2.01rem\">\n<h3 class=\"wp-block-heading has-text-color\" style=\"color:#393939;font-size:clamp(1.044rem, 1.044rem + ((1vw - 0.2rem) * 1.029), 1.61rem);font-style:normal;font-weight:500\">Soins de sant\u00e9<\/h3>\n\n\n\n<p class=\"has-text-color\" style=\"color:#252525;margin-top:1.01rem;margin-bottom:var(--wp--preset--spacing--30);font-size:clamp(0.875rem, 0.875rem + ((1vw - 0.2rem) * 0.045), 0.9rem);font-style:normal;font-weight:500\">Suite \u00e0 une \u00e9volution l\u00e9gale, les infirmiers et infirmi\u00e8res doivent encoder leurs prestations et les transmettre \u00e9lectroniquement aux mutuelles.<br>Nous avons d\u00e9velopp\u00e9 un syst\u00e8me sur-mesure incluant le scannage de cartes d\u2019identit\u00e9, la mise \u00e0 jour automatique de la signal\u00e9tique, et <strong>l\u2019envoi des prestations \u00e0 l\u2019INAMI.<\/strong><\/p>\n<\/div>\n<\/div>\n<\/div>\n\n\n\n<div class=\"wp-block-column has-global-padding is-layout-constrained wp-container-core-column-is-layout-9118c6b6 wp-block-column-is-layout-constrained\" style=\"padding-top:0px;padding-bottom:0px;padding-left:0rem\">\n<div class=\"wp-block-group has-text-color has-background is-vertical is-content-justification-center is-layout-flex wp-container-core-group-is-layout-e18aa4d6 wp-block-group-is-layout-flex\" style=\"color:#fffffd;background-color:#fffffd;padding-top:0px;padding-right:0px;padding-bottom:0px;padding-left:0px\">\n<figure class=\"wp-block-image size-full is-resized has-custom-border\"><img loading=\"lazy\" decoding=\"async\" width=\"378\" height=\"263\" src=\"http:\/\/fcslux.be\/wp-content\/uploads\/2025\/08\/Capture-decran-2025-08-07-144313.jpg\" alt=\"\" class=\"wp-image-328\" style=\"border-bottom-width:1px;width:305px;height:auto\" srcset=\"https:\/\/fcslux.be\/wp-content\/uploads\/2025\/08\/Capture-decran-2025-08-07-144313.jpg 378w, https:\/\/fcslux.be\/wp-content\/uploads\/2025\/08\/Capture-decran-2025-08-07-144313-300x209.jpg 300w\" sizes=\"auto, (max-width: 378px) 100vw, 378px\" \/><\/figure>\n\n\n\n<div class=\"wp-block-group has-global-padding is-layout-constrained wp-container-core-group-is-layout-65d5fd96 wp-block-group-is-layout-constrained\" style=\"padding-top:2.01rem;padding-right:2.01rem;padding-bottom:2.51rem;padding-left:2.01rem\">\n<h3 class=\"wp-block-heading has-text-color\" style=\"color:#393939;font-size:clamp(1.044rem, 1.044rem + ((1vw - 0.2rem) * 1.029), 1.61rem);font-style:normal;font-weight:500\">Abattoir<\/h3>\n\n\n\n<p class=\"has-text-color\" style=\"color:#252525;margin-top:1.01rem;margin-bottom:var(--wp--preset--spacing--80);font-size:clamp(0.875rem, 0.875rem + ((1vw - 0.2rem) * 0.045), 0.9rem);font-style:normal;font-weight:500\">Suivi complet de la production d\u2019un abattoir : <strong>tra\u00e7abilit\u00e9 de l&rsquo;ensemble des produits<\/strong>, <strong>r\u00e9ception des carcasses<\/strong> et <strong>statistiques en temps r\u00e9el<\/strong>. Une solution adapt\u00e9e aux exigences du secteur agroalimentaire.<\/p>\n<\/div>\n<\/div>\n<\/div>\n\n\n\n<div class=\"wp-block-column has-global-padding is-layout-constrained wp-container-core-column-is-layout-9118c6b6 wp-block-column-is-layout-constrained\" style=\"padding-top:0px;padding-bottom:0px;padding-left:0rem\">\n<div class=\"wp-block-group has-text-color has-background is-vertical is-content-justification-center is-layout-flex wp-container-core-group-is-layout-e18aa4d6 wp-block-group-is-layout-flex\" style=\"color:#fffffd;background-color:#fffffd;padding-top:0px;padding-right:0px;padding-bottom:0px;padding-left:0px\">\n<figure class=\"wp-block-image size-full is-resized\"><img loading=\"lazy\" decoding=\"async\" width=\"2560\" height=\"1707\" src=\"http:\/\/fcslux.be\/wp-content\/uploads\/2025\/08\/pexels-tara-winstead-8850706-1-scaled.jpg\" alt=\"\" class=\"wp-image-331\" style=\"width:318px;height:auto\" srcset=\"https:\/\/fcslux.be\/wp-content\/uploads\/2025\/08\/pexels-tara-winstead-8850706-1-scaled.jpg 2560w, https:\/\/fcslux.be\/wp-content\/uploads\/2025\/08\/pexels-tara-winstead-8850706-1-300x200.jpg 300w, https:\/\/fcslux.be\/wp-content\/uploads\/2025\/08\/pexels-tara-winstead-8850706-1-1024x683.jpg 1024w, https:\/\/fcslux.be\/wp-content\/uploads\/2025\/08\/pexels-tara-winstead-8850706-1-768x512.jpg 768w\" sizes=\"auto, (max-width: 2560px) 100vw, 2560px\" \/><\/figure>\n\n\n\n<div class=\"wp-block-group has-global-padding is-layout-constrained wp-container-core-group-is-layout-65d5fd96 wp-block-group-is-layout-constrained\" style=\"padding-top:2.01rem;padding-right:2.01rem;padding-bottom:2.51rem;padding-left:2.01rem\">\n<h3 class=\"wp-block-heading has-text-color\" style=\"color:#393939;font-size:clamp(1.044rem, 1.044rem + ((1vw - 0.2rem) * 1.029), 1.61rem);font-style:normal;font-weight:500\">Pointage<\/h3>\n\n\n\n<p class=\"has-text-color\" style=\"color:#252525;margin-top:1.01rem;margin-bottom:var(--wp--preset--spacing--80);font-size:clamp(0.875rem, 0.875rem + ((1vw - 0.2rem) * 0.045), 0.9rem);font-style:normal;font-weight:500\">Mise en place d\u2019un syst\u00e8me de&nbsp;<strong>pointage s\u00e9curis\u00e9 par mot de passe<\/strong>, avec&nbsp;<strong>encodage des t\u00e2ches r\u00e9alis\u00e9es<\/strong>&nbsp;par chaque membre du personnel. Id\u00e9al pour am\u00e9liorer le suivi du temps de travail et l\u2019organisation des \u00e9quipes.<\/p>\n<\/div>\n<\/div>\n<\/div>\n<\/div>\n<\/div><\/div>\n\n\n\n<div class=\"wp-block-cover alignfull has-text-color\" style=\"color:#422f01;margin-top:0;margin-bottom:0;padding-top:100px;padding-bottom:120px;aspect-ratio:unset;\"><span aria-hidden=\"true\" class=\"wp-block-cover__background has-background-dim-100 has-background-dim\" style=\"background-color:#1d86b5\"><\/span><div class=\"wp-block-cover__inner-container has-global-padding is-layout-constrained wp-container-core-cover-is-layout-f2777eb8 wp-block-cover-is-layout-constrained\">\n<div class=\"wp-block-columns is-layout-flex wp-container-core-columns-is-layout-28f84493 wp-block-columns-is-layout-flex\">\n<div class=\"wp-block-column is-layout-flow wp-block-column-is-layout-flow\" style=\"flex-basis:1100px\">\n<h2 class=\"wp-block-heading has-text-align-left has-text-color\" style=\"color:#ffffff;margin-top:0px;margin-bottom:0px;font-size:clamp(26.465px, 1.654rem + ((1vw - 3.2px) * 2.106), 45px);font-style:normal;font-weight:700\">Besoin de sur-mesure ?<\/h2>\n\n\n\n<div class=\"wp-block-buttons is-layout-flex wp-block-buttons-is-layout-flex\" style=\"margin-top:0px;padding-top:1.5rem;padding-bottom:1.5rem\">\n<div class=\"wp-block-button\"><a class=\"wp-block-button__link has-text-color has-background has-custom-font-size wp-element-button\" href=\"http:\/\/fcslux.be\/index.php\/contact\/\" style=\"border-radius:50px;color:#1d86b5;background-color:#ffffff;padding-top:20px;padding-right:60px;padding-bottom:20px;padding-left:60px;box-shadow:6px 6px 9px rgba(0, 0, 0, 0.2);font-size:clamp(14.642px, 0.915rem + ((1vw - 3.2px) * 0.836), 22px);\"><strong>Contactez-nous !<\/strong><\/a><\/div>\n<\/div>\n<\/div>\n<\/div>\n<\/div><\/div>\n\n\n\n<p><\/p>\n","protected":false},"excerpt":{"rendered":"","protected":false},"author":1,"featured_media":0,"parent":0,"menu_order":0,"comment_status":"closed","ping_status":"closed","template":"","meta":{"footnotes":""},"class_list":["post-205","page","type-page","status-publish","hentry"],"yoast_head":"<!-- This site is optimized with the Yoast SEO plugin v25.7 - https:\/\/yoast.com\/wordpress\/plugins\/seo\/ -->\n<title>Custom - FCS informatique<\/title>\n<meta name=\"robots\" content=\"index, follow, max-snippet:-1, max-image-preview:large, max-video-preview:-1\" \/>\n<link rel=\"canonical\" href=\"https:\/\/fcslux.be\/index.php\/custom\/\" \/>\n<meta property=\"og:locale\" content=\"fr_FR\" \/>\n<meta property=\"og:type\" content=\"article\" \/>\n<meta property=\"og:title\" content=\"Custom - FCS informatique\" \/>\n<meta property=\"og:url\" content=\"https:\/\/fcslux.be\/index.php\/custom\/\" \/>\n<meta property=\"og:site_name\" content=\"FCS informatique\" \/>\n<meta property=\"article:modified_time\" content=\"2025-08-08T08:22:07+00:00\" \/>\n<meta property=\"og:image\" content=\"https:\/\/fcslux.be\/wp-content\/uploads\/2025\/08\/image-scaled.jpg\" \/>\n\t<meta property=\"og:image:width\" content=\"2560\" \/>\n\t<meta property=\"og:image:height\" content=\"1707\" \/>\n\t<meta property=\"og:image:type\" content=\"image\/jpeg\" \/>\n<meta name=\"twitter:card\" content=\"summary_large_image\" \/>\n<meta name=\"twitter:label1\" content=\"Dur\u00e9e de lecture estim\u00e9e\" \/>\n\t<meta name=\"twitter:data1\" content=\"1 minute\" \/>\n<script type=\"application\/ld+json\" class=\"yoast-schema-graph\">{\"@context\":\"https:\/\/schema.org\",\"@graph\":[{\"@type\":\"WebPage\",\"@id\":\"https:\/\/fcslux.be\/index.php\/custom\/\",\"url\":\"https:\/\/fcslux.be\/index.php\/custom\/\",\"name\":\"Custom - FCS informatique\",\"isPartOf\":{\"@id\":\"https:\/\/fcslux.be\/#website\"},\"primaryImageOfPage\":{\"@id\":\"https:\/\/fcslux.be\/index.php\/custom\/#primaryimage\"},\"image\":{\"@id\":\"https:\/\/fcslux.be\/index.php\/custom\/#primaryimage\"},\"thumbnailUrl\":\"http:\/\/fcslux.be\/wp-content\/uploads\/2025\/08\/image-scaled.jpg\",\"datePublished\":\"2025-08-06T10:08:26+00:00\",\"dateModified\":\"2025-08-08T08:22:07+00:00\",\"breadcrumb\":{\"@id\":\"https:\/\/fcslux.be\/index.php\/custom\/#breadcrumb\"},\"inLanguage\":\"fr-FR\",\"potentialAction\":[{\"@type\":\"ReadAction\",\"target\":[\"https:\/\/fcslux.be\/index.php\/custom\/\"]}]},{\"@type\":\"ImageObject\",\"inLanguage\":\"fr-FR\",\"@id\":\"https:\/\/fcslux.be\/index.php\/custom\/#primaryimage\",\"url\":\"https:\/\/fcslux.be\/wp-content\/uploads\/2025\/08\/image-scaled.jpg\",\"contentUrl\":\"https:\/\/fcslux.be\/wp-content\/uploads\/2025\/08\/image-scaled.jpg\",\"width\":2560,\"height\":1707},{\"@type\":\"BreadcrumbList\",\"@id\":\"https:\/\/fcslux.be\/index.php\/custom\/#breadcrumb\",\"itemListElement\":[{\"@type\":\"ListItem\",\"position\":1,\"name\":\"Accueil\",\"item\":\"https:\/\/fcslux.be\/\"},{\"@type\":\"ListItem\",\"position\":2,\"name\":\"Custom\"}]},{\"@type\":\"WebSite\",\"@id\":\"https:\/\/fcslux.be\/#website\",\"url\":\"https:\/\/fcslux.be\/\",\"name\":\"FCS informatique\",\"description\":\"FCS informatique - Customise your company\",\"publisher\":{\"@id\":\"https:\/\/fcslux.be\/#organization\"},\"potentialAction\":[{\"@type\":\"SearchAction\",\"target\":{\"@type\":\"EntryPoint\",\"urlTemplate\":\"https:\/\/fcslux.be\/?s={search_term_string}\"},\"query-input\":{\"@type\":\"PropertyValueSpecification\",\"valueRequired\":true,\"valueName\":\"search_term_string\"}}],\"inLanguage\":\"fr-FR\"},{\"@type\":\"Organization\",\"@id\":\"https:\/\/fcslux.be\/#organization\",\"name\":\"FCS informatique\",\"url\":\"https:\/\/fcslux.be\/\",\"logo\":{\"@type\":\"ImageObject\",\"inLanguage\":\"fr-FR\",\"@id\":\"https:\/\/fcslux.be\/#\/schema\/logo\/image\/\",\"url\":\"https:\/\/fcslux.be\/wp-content\/uploads\/2025\/08\/image__2_-removebg-preview-2.png\",\"contentUrl\":\"https:\/\/fcslux.be\/wp-content\/uploads\/2025\/08\/image__2_-removebg-preview-2.png\",\"width\":404,\"height\":343,\"caption\":\"FCS informatique\"},\"image\":{\"@id\":\"https:\/\/fcslux.be\/#\/schema\/logo\/image\/\"}}]}<\/script>\n<!-- \/ Yoast SEO plugin. -->","yoast_head_json":{"title":"Custom - FCS informatique","robots":{"index":"index","follow":"follow","max-snippet":"max-snippet:-1","max-image-preview":"max-image-preview:large","max-video-preview":"max-video-preview:-1"},"canonical":"https:\/\/fcslux.be\/index.php\/custom\/","og_locale":"fr_FR","og_type":"article","og_title":"Custom - FCS informatique","og_url":"https:\/\/fcslux.be\/index.php\/custom\/","og_site_name":"FCS informatique","article_modified_time":"2025-08-08T08:22:07+00:00","og_image":[{"width":2560,"height":1707,"url":"https:\/\/fcslux.be\/wp-content\/uploads\/2025\/08\/image-scaled.jpg","type":"image\/jpeg"}],"twitter_card":"summary_large_image","twitter_misc":{"Dur\u00e9e de lecture estim\u00e9e":"1 minute"},"schema":{"@context":"https:\/\/schema.org","@graph":[{"@type":"WebPage","@id":"https:\/\/fcslux.be\/index.php\/custom\/","url":"https:\/\/fcslux.be\/index.php\/custom\/","name":"Custom - FCS informatique","isPartOf":{"@id":"https:\/\/fcslux.be\/#website"},"primaryImageOfPage":{"@id":"https:\/\/fcslux.be\/index.php\/custom\/#primaryimage"},"image":{"@id":"https:\/\/fcslux.be\/index.php\/custom\/#primaryimage"},"thumbnailUrl":"http:\/\/fcslux.be\/wp-content\/uploads\/2025\/08\/image-scaled.jpg","datePublished":"2025-08-06T10:08:26+00:00","dateModified":"2025-08-08T08:22:07+00:00","breadcrumb":{"@id":"https:\/\/fcslux.be\/index.php\/custom\/#breadcrumb"},"inLanguage":"fr-FR","potentialAction":[{"@type":"ReadAction","target":["https:\/\/fcslux.be\/index.php\/custom\/"]}]},{"@type":"ImageObject","inLanguage":"fr-FR","@id":"https:\/\/fcslux.be\/index.php\/custom\/#primaryimage","url":"https:\/\/fcslux.be\/wp-content\/uploads\/2025\/08\/image-scaled.jpg","contentUrl":"https:\/\/fcslux.be\/wp-content\/uploads\/2025\/08\/image-scaled.jpg","width":2560,"height":1707},{"@type":"BreadcrumbList","@id":"https:\/\/fcslux.be\/index.php\/custom\/#breadcrumb","itemListElement":[{"@type":"ListItem","position":1,"name":"Accueil","item":"https:\/\/fcslux.be\/"},{"@type":"ListItem","position":2,"name":"Custom"}]},{"@type":"WebSite","@id":"https:\/\/fcslux.be\/#website","url":"https:\/\/fcslux.be\/","name":"FCS informatique","description":"FCS informatique - Customise your company","publisher":{"@id":"https:\/\/fcslux.be\/#organization"},"potentialAction":[{"@type":"SearchAction","target":{"@type":"EntryPoint","urlTemplate":"https:\/\/fcslux.be\/?s={search_term_string}"},"query-input":{"@type":"PropertyValueSpecification","valueRequired":true,"valueName":"search_term_string"}}],"inLanguage":"fr-FR"},{"@type":"Organization","@id":"https:\/\/fcslux.be\/#organization","name":"FCS informatique","url":"https:\/\/fcslux.be\/","logo":{"@type":"ImageObject","inLanguage":"fr-FR","@id":"https:\/\/fcslux.be\/#\/schema\/logo\/image\/","url":"https:\/\/fcslux.be\/wp-content\/uploads\/2025\/08\/image__2_-removebg-preview-2.png","contentUrl":"https:\/\/fcslux.be\/wp-content\/uploads\/2025\/08\/image__2_-removebg-preview-2.png","width":404,"height":343,"caption":"FCS informatique"},"image":{"@id":"https:\/\/fcslux.be\/#\/schema\/logo\/image\/"}}]}},"_links":{"self":[{"href":"https:\/\/fcslux.be\/index.php\/wp-json\/wp\/v2\/pages\/205","targetHints":{"allow":["GET"]}}],"collection":[{"href":"https:\/\/fcslux.be\/index.php\/wp-json\/wp\/v2\/pages"}],"about":[{"href":"https:\/\/fcslux.be\/index.php\/wp-json\/wp\/v2\/types\/page"}],"author":[{"embeddable":true,"href":"https:\/\/fcslux.be\/index.php\/wp-json\/wp\/v2\/users\/1"}],"replies":[{"embeddable":true,"href":"https:\/\/fcslux.be\/index.php\/wp-json\/wp\/v2\/comments?post=205"}],"version-history":[{"count":27,"href":"https:\/\/fcslux.be\/index.php\/wp-json\/wp\/v2\/pages\/205\/revisions"}],"predecessor-version":[{"id":443,"href":"https:\/\/fcslux.be\/index.php\/wp-json\/wp\/v2\/pages\/205\/revisions\/443"}],"wp:attachment":[{"href":"https:\/\/fcslux.be\/index.php\/wp-json\/wp\/v2\/media?parent=205"}],"curies":[{"name":"wp","href":"https:\/\/api.w.org\/{rel}","templated":true}]}}