{"id":40,"date":"2025-08-05T11:07:43","date_gmt":"2025-08-05T11:07:43","guid":{"rendered":"http:\/\/fcslux.be\/?page_id=40"},"modified":"2025-08-08T08:44:38","modified_gmt":"2025-08-08T08:44:38","slug":"peppol","status":"publish","type":"page","link":"https:\/\/fcslux.be\/index.php\/peppol\/","title":{"rendered":"Peppol"},"content":{"rendered":"\n<div class=\"wp-block-cover alignfull is-light has-text-color\" style=\"color:#422f01;margin-top:0;margin-bottom:0;padding-top:250px;padding-bottom:100px;min-height:50px;aspect-ratio:unset;\"><span aria-hidden=\"true\" class=\"wp-block-cover__background has-background-dim-10 has-background-dim\" style=\"background-color:#1d86b5\"><\/span><div class=\"wp-block-cover__inner-container has-global-padding is-layout-constrained wp-container-core-cover-is-layout-60668116 wp-block-cover-is-layout-constrained\">\n<div class=\"wp-block-columns is-layout-flex wp-container-core-columns-is-layout-28f84493 wp-block-columns-is-layout-flex\">\n<div class=\"wp-block-column is-layout-flow wp-block-column-is-layout-flow\" style=\"flex-basis:700px\">\n<h1 class=\"wp-block-heading has-text-color\" id=\"mqF8JDI3DGI0YdFC\" style=\"color:#422f01;padding-right:0;font-size:clamp(27.894px, 1.743rem + ((1vw - 3.2px) * 2.285), 48px);line-height:1.1\"><strong><strong>PEPPOL<\/strong><\/strong><br>Un r\u00e9seau indispensable pour la facturation \u00e9lectronique            <\/h1>\n<\/div>\n<\/div>\n<\/div><\/div>\n\n\n\n<div class=\"wp-block-cover alignfull is-light has-text-color\" style=\"color:#422f01;margin-top:0;margin-bottom:0;padding-top:100px;padding-bottom:80px\"><span aria-hidden=\"true\" class=\"wp-block-cover__background has-white-background-color has-background-dim-100 has-background-dim\"><\/span><div class=\"wp-block-cover__inner-container has-global-padding is-layout-constrained wp-container-core-cover-is-layout-bf5fafa3 wp-block-cover-is-layout-constrained\">\n<div class=\"wp-block-columns is-layout-flex wp-container-core-columns-is-layout-9f25c019 wp-block-columns-is-layout-flex\">\n<div class=\"wp-block-column is-vertically-aligned-center is-layout-flow wp-block-column-is-layout-flow\" style=\"flex-basis:70%\">\n<figure class=\"wp-block-image size-full\"><img loading=\"lazy\" decoding=\"async\" width=\"416\" height=\"133\" src=\"http:\/\/fcslux.be\/wp-content\/uploads\/2025\/08\/image__3_-removebg-preview.png\" alt=\"\" class=\"wp-image-126\" srcset=\"https:\/\/fcslux.be\/wp-content\/uploads\/2025\/08\/image__3_-removebg-preview.png 416w, https:\/\/fcslux.be\/wp-content\/uploads\/2025\/08\/image__3_-removebg-preview-300x96.png 300w\" sizes=\"auto, (max-width: 416px) 100vw, 416px\" \/><\/figure>\n<\/div>\n\n\n\n<div class=\"wp-block-column is-vertically-aligned-center is-layout-flow wp-block-column-is-layout-flow\" style=\"flex-basis:1000px\">\n<h2 class=\"wp-block-heading has-text-align-left has-text-color has-link-color wp-elements-2128b4b933df47896491d20c3c2ba072\" style=\"color:#422f01;margin-bottom:20px;font-size:clamp(25.014px, 1.563rem + ((1vw - 3.2px) * 1.93), 42px);font-style:normal;font-weight:700;line-height:1.5\">Qu&rsquo;est-ce que PEPPOL ?<\/h2>\n\n\n\n<p class=\"has-text-align-left has-text-color\" style=\"color:#422f01;margin-top:0px;margin-bottom:30px;font-size:clamp(14px, 0.875rem + ((1vw - 3.2px) * 0.455), 18px);line-height:1.6\"><span style=\"color:#1D86B5;\"> <strong>PEPPOL<\/strong> <\/span>(Pan-European Public Procurement Online) est un r\u00e9seau international qui permet l\u2019<strong><span style=\"color:#1D86B5;\">\u00e9change standardis\u00e9 et s\u00e9curis\u00e9 de documents \u00e9lectroniques<\/span><\/strong> (factures, bons de commande, avis de r\u00e9ception, etc.) entre entreprises et entit\u00e9s publiques.<\/p>\n\n\n\n<p class=\"has-text-align-left has-text-color\" style=\"color:#422f01;margin-top:0px;margin-bottom:30px;font-size:clamp(14px, 0.875rem + ((1vw - 3.2px) * 0.455), 18px);line-height:1.6\">Ce r\u00e9seau repose sur des <span style=\"color:#1D86B5;\"><strong>formats communs<\/strong><\/span> et une <span style=\"color:#1D86B5;\"><strong>infrastructure technique partag\u00e9e<\/strong><\/span>, assurant l\u2019interop\u00e9rabilit\u00e9 entre les diff\u00e9rents syst\u00e8mes utilis\u00e9s par les acteurs \u00e9conomiques, partout en Europe et au-del\u00e0.<\/p>\n\n\n\n<p>En r\u00e9sum\u00e9, PEPPOL permet :<\/p>\n\n\n\n<ul style=\"color:#422f01;font-size:clamp(14px, 0.875rem + ((1vw - 3.2px) * 0.455), 18px);\" class=\"wp-block-list has-text-color\">\n<li>L&rsquo;<span style=\"color:#1D86B5;\"><strong>envoi et la r\u00e9ception automatis\u00e9s<\/strong><\/span> de factures \u00e9lectroniques conformes<\/li>\n\n\n\n<li>L&rsquo;<span style=\"color:#1D86B5;\"><strong>acc\u00e8s s\u00e9curis\u00e9<\/strong><\/span> via des points d&rsquo;acc\u00e8s certifi\u00e9s<\/li>\n\n\n\n<li>La <span style=\"color:#1D86B5;\"><strong>communication fluide<\/strong><\/span> entre tous les partenaires<\/li>\n<\/ul>\n<\/div>\n<\/div>\n<\/div><\/div>\n\n\n\n<div class=\"wp-block-cover alignfull is-light has-text-color\" style=\"color:#422f01;margin-top:0;margin-bottom:0;padding-top:80px;padding-right:0;padding-bottom:80px;padding-left:0\"><span aria-hidden=\"true\" class=\"wp-block-cover__background has-background-dim-10 has-background-dim\" style=\"background-color:#1d86b5\"><\/span><div class=\"wp-block-cover__inner-container has-global-padding is-layout-constrained wp-container-core-cover-is-layout-c3d63b7f wp-block-cover-is-layout-constrained\">\n<div class=\"wp-block-columns is-layout-flex wp-container-core-columns-is-layout-cf05694f wp-block-columns-is-layout-flex\">\n<div class=\"wp-block-column is-vertically-aligned-center is-layout-flow wp-block-column-is-layout-flow\" style=\"flex-basis:1000px\">\n<h2 class=\"wp-block-heading has-text-align-left has-text-color has-link-color wp-elements-3e13ed8501724dac7ff787f7fb873ae0\" style=\"color:#422f01;margin-bottom:20px;font-size:clamp(25.014px, 1.563rem + ((1vw - 3.2px) * 1.93), 42px);font-style:normal;font-weight:700;line-height:1.5\">Obligatoire en janvier 2026<\/h2>\n\n\n\n<p class=\"has-text-align-left has-text-color\" style=\"color:#422f01;margin-top:0px;margin-bottom:30px;font-size:clamp(14px, 0.875rem + ((1vw - 3.2px) * 0.455), 18px);line-height:1.6\">Dans le cadre de la g\u00e9n\u00e9ralisation de la facturation \u00e9lectronique en France, <span style=\"color:#1D86B5;\"><strong>l\u2019utilisation du r\u00e9seau PEPPOL deviendra obligatoire \u00e0 partir du 1er janvier 2026<\/strong><\/span> pour toutes les entreprises assujetties \u00e0 la TVA. Cette mesure s\u2019inscrit dans la r\u00e9forme nationale e-invoicing \/ e-reporting, visant \u00e0 moderniser les \u00e9changes commerciaux et \u00e0 renforcer le contr\u00f4le fiscal.<\/p>\n\n\n\n<p class=\"has-text-align-left has-text-color\" style=\"color:#422f01;margin-top:0px;margin-bottom:30px;font-size:clamp(14px, 0.875rem + ((1vw - 3.2px) * 0.455), 18px);line-height:1.6\">PEPPOL s\u2019impose comme le canal privil\u00e9gi\u00e9 pour transmettre les factures \u00e9lectroniques aux administrations publiques, mais \u00e9galement entre entreprises (B2B), dans un cadre s\u00e9curis\u00e9, norm\u00e9 et interop\u00e9rable. Se pr\u00e9parer d\u00e8s maintenant \u00e0 cette obligation est un enjeu strat\u00e9gique pour rester en conformit\u00e9 et \u00e9viter les blocages dans votre facturation.<\/p>\n<\/div>\n\n\n\n<div class=\"wp-block-column is-vertically-aligned-center is-layout-flow wp-block-column-is-layout-flow\" style=\"padding-top:var(--wp--preset--spacing--80);padding-right:0;padding-bottom:var(--wp--preset--spacing--80);padding-left:0;flex-basis:70%\">\n<figure class=\"wp-block-image size-full\"><img loading=\"lazy\" decoding=\"async\" width=\"411\" height=\"201\" src=\"http:\/\/fcslux.be\/wp-content\/uploads\/2025\/08\/Capture_d_ecran_2025-08-06_084559-removebg-preview.png\" alt=\"\" class=\"wp-image-130\" style=\"object-fit:cover\" srcset=\"https:\/\/fcslux.be\/wp-content\/uploads\/2025\/08\/Capture_d_ecran_2025-08-06_084559-removebg-preview.png 411w, https:\/\/fcslux.be\/wp-content\/uploads\/2025\/08\/Capture_d_ecran_2025-08-06_084559-removebg-preview-300x147.png 300w\" sizes=\"auto, (max-width: 411px) 100vw, 411px\" \/><\/figure>\n<\/div>\n<\/div>\n<\/div><\/div>\n\n\n\n<div class=\"wp-block-cover alignfull is-light has-text-color\" style=\"color:#422f01;margin-top:0;margin-bottom:0;padding-top:80px;padding-bottom:100px\"><span aria-hidden=\"true\" class=\"wp-block-cover__background has-white-background-color has-background-dim-100 has-background-dim\"><\/span><div class=\"wp-block-cover__inner-container has-global-padding is-layout-constrained wp-container-core-cover-is-layout-6f8372d5 wp-block-cover-is-layout-constrained\">\n<div class=\"wp-block-columns is-layout-flex wp-container-core-columns-is-layout-9f25c019 wp-block-columns-is-layout-flex\">\n<div class=\"wp-block-column is-vertically-aligned-center is-layout-flow wp-block-column-is-layout-flow\">\n<h2 class=\"wp-block-heading has-text-align-center has-text-color has-link-color wp-elements-f872300d66bea8877ed3f77e3d0f6acc\" style=\"color:#422f01;margin-bottom:20px;font-size:clamp(25.014px, 1.563rem + ((1vw - 3.2px) * 1.93), 42px);font-style:normal;font-weight:700;line-height:1.5\">Notre solution est PEPPOL CERTIFIED<\/h2>\n\n\n\n<p class=\"has-text-align-left has-text-color\" style=\"color:#422f01;margin-top:0px;margin-right:0;margin-bottom:30px;margin-left:0px;font-size:clamp(14px, 0.875rem + ((1vw - 3.2px) * 0.455), 18px);line-height:1.6\">Notre programme de facturation \u00e9lectronique int\u00e8gre <span style=\"color:#1D86B5;\"><strong>nativement la connexion au r\u00e9seau PEPPOL<\/strong><\/span> et vous permet de transmettre vos factures en toute simplicit\u00e9, conform\u00e9ment aux exigences l\u00e9gales \u00e0 venir.<\/p>\n\n\n\n<ul style=\"padding-right:var(--wp--preset--spacing--80);padding-left:var(--wp--preset--spacing--80)\" class=\"wp-block-list\">\n<li>Nous sommes <span style=\"color:#1D86B5;\"><strong>PEPPOL Certified<\/strong><\/span> : notre logiciel est reconnu officiellement comme point d\u2019acc\u00e8s au r\u00e9seau PEPPOL.<\/li>\n\n\n\n<li>Vous pouvez <span style=\"color:#1D86B5;\"><strong>envoyer et recevoir des factures \u00e9lectroniques<\/strong><\/span> directement via notre interface, sans passerelle interm\u00e9diaire.<\/li>\n\n\n\n<li>L\u2019int\u00e9gration PEPPOL est <span style=\"color:#1D86B5;\"><strong>automatis\u00e9e, s\u00e9curis\u00e9e et transparente<\/strong><\/span> pour l\u2019utilisateur.<\/li>\n<\/ul>\n\n\n\n<p>En choisissant notre solution, vous \u00eates pr\u00eat pour 2026\u2026 d\u00e8s aujourd\u2019hui.<\/p>\n<\/div>\n<\/div>\n\n\n\n<figure data-wp-context=\"{&quot;imageId&quot;:&quot;69d9db61c9d78&quot;}\" data-wp-interactive=\"core\/image\" data-wp-key=\"69d9db61c9d78\" class=\"wp-block-image size-large wp-lightbox-container\" style=\"margin-top:var(--wp--preset--spacing--50);margin-bottom:var(--wp--preset--spacing--50)\"><img loading=\"lazy\" decoding=\"async\" width=\"1024\" height=\"249\" data-wp-class--hide=\"state.isContentHidden\" data-wp-class--show=\"state.isContentVisible\" data-wp-init=\"callbacks.setButtonStyles\" data-wp-on--click=\"actions.showLightbox\" data-wp-on--load=\"callbacks.setButtonStyles\" data-wp-on-window--resize=\"callbacks.setButtonStyles\" src=\"http:\/\/fcslux.be\/wp-content\/uploads\/2025\/08\/image-4-1-1024x249.png\" alt=\"\" class=\"wp-image-135\" srcset=\"https:\/\/fcslux.be\/wp-content\/uploads\/2025\/08\/image-4-1-1024x249.png 1024w, https:\/\/fcslux.be\/wp-content\/uploads\/2025\/08\/image-4-1-300x73.png 300w, https:\/\/fcslux.be\/wp-content\/uploads\/2025\/08\/image-4-1-768x186.png 768w, https:\/\/fcslux.be\/wp-content\/uploads\/2025\/08\/image-4-1.png 1149w\" sizes=\"auto, (max-width: 1024px) 100vw, 1024px\" \/><button\n\t\t\tclass=\"lightbox-trigger\"\n\t\t\ttype=\"button\"\n\t\t\taria-haspopup=\"dialog\"\n\t\t\taria-label=\"Agrandir\"\n\t\t\tdata-wp-init=\"callbacks.initTriggerButton\"\n\t\t\tdata-wp-on--click=\"actions.showLightbox\"\n\t\t\tdata-wp-style--right=\"state.imageButtonRight\"\n\t\t\tdata-wp-style--top=\"state.imageButtonTop\"\n\t\t>\n\t\t\t<svg xmlns=\"http:\/\/www.w3.org\/2000\/svg\" width=\"12\" height=\"12\" fill=\"none\" viewBox=\"0 0 12 12\">\n\t\t\t\t<path fill=\"#fff\" d=\"M2 0a2 2 0 0 0-2 2v2h1.5V2a.5.5 0 0 1 .5-.5h2V0H2Zm2 10.5H2a.5.5 0 0 1-.5-.5V8H0v2a2 2 0 0 0 2 2h2v-1.5ZM8 12v-1.5h2a.5.5 0 0 0 .5-.5V8H12v2a2 2 0 0 1-2 2H8Zm2-12a2 2 0 0 1 2 2v2h-1.5V2a.5.5 0 0 0-.5-.5H8V0h2Z\" \/>\n\t\t\t<\/svg>\n\t\t<\/button><\/figure>\n<\/div><\/div>\n\n\n\n<div class=\"wp-block-cover alignfull has-text-color\" style=\"color:#422f01;margin-top:0;margin-bottom:0;padding-top:100px;padding-bottom:120px;aspect-ratio:unset;\"><span aria-hidden=\"true\" class=\"wp-block-cover__background has-background-dim-100 has-background-dim\" style=\"background-color:#1d86b5\"><\/span><div class=\"wp-block-cover__inner-container has-global-padding is-layout-constrained wp-container-core-cover-is-layout-f2777eb8 wp-block-cover-is-layout-constrained\">\n<div class=\"wp-block-columns is-layout-flex wp-container-core-columns-is-layout-28f84493 wp-block-columns-is-layout-flex\">\n<div class=\"wp-block-column is-layout-flow wp-block-column-is-layout-flow\" style=\"flex-basis:1100px\">\n<h2 class=\"wp-block-heading has-text-align-left has-text-color\" style=\"color:#ffffff;margin-top:0px;margin-bottom:0px;font-size:clamp(26.465px, 1.654rem + ((1vw - 3.2px) * 2.106), 45px);font-style:normal;font-weight:700\">D&rsquo;autres questions concernant PEPPOL ? <\/h2>\n\n\n\n<div class=\"wp-block-buttons is-layout-flex wp-block-buttons-is-layout-flex\" style=\"margin-top:0px;padding-top:var(--wp--preset--spacing--50);padding-right:0;padding-bottom:var(--wp--preset--spacing--50);padding-left:0\">\n<div class=\"wp-block-button\"><a class=\"wp-block-button__link has-text-color has-background has-custom-font-size wp-element-button\" href=\"http:\/\/fcslux.be\/index.php\/contact\/\" style=\"border-radius:50px;color:#1d86b5;background-color:#ffffff;padding-top:20px;padding-right:60px;padding-bottom:20px;padding-left:60px;box-shadow:6px 6px 9px rgba(0, 0, 0, 0.2);font-size:clamp(14.642px, 0.915rem + ((1vw - 3.2px) * 0.836), 22px);\"><strong>Contactez-nous !<\/strong><\/a><\/div>\n<\/div>\n<\/div>\n<\/div>\n<\/div><\/div>\n","protected":false},"excerpt":{"rendered":"","protected":false},"author":1,"featured_media":0,"parent":0,"menu_order":0,"comment_status":"closed","ping_status":"closed","template":"","meta":{"footnotes":""},"class_list":["post-40","page","type-page","status-publish","hentry"],"yoast_head":"<!-- This site is optimized with the Yoast SEO plugin v25.7 - https:\/\/yoast.com\/wordpress\/plugins\/seo\/ -->\n<title>Peppol - FCS informatique<\/title>\n<meta name=\"robots\" content=\"index, follow, max-snippet:-1, max-image-preview:large, max-video-preview:-1\" \/>\n<link rel=\"canonical\" href=\"https:\/\/fcslux.be\/index.php\/peppol\/\" \/>\n<meta property=\"og:locale\" content=\"fr_FR\" \/>\n<meta property=\"og:type\" content=\"article\" \/>\n<meta property=\"og:title\" content=\"Peppol - FCS informatique\" \/>\n<meta property=\"og:url\" content=\"https:\/\/fcslux.be\/index.php\/peppol\/\" \/>\n<meta property=\"og:site_name\" content=\"FCS informatique\" \/>\n<meta property=\"article:modified_time\" content=\"2025-08-08T08:44:38+00:00\" \/>\n<meta property=\"og:image\" content=\"https:\/\/fcslux.be\/wp-content\/uploads\/2025\/08\/image__3_-removebg-preview.png\" \/>\n\t<meta property=\"og:image:width\" content=\"416\" \/>\n\t<meta property=\"og:image:height\" content=\"133\" \/>\n\t<meta property=\"og:image:type\" content=\"image\/png\" \/>\n<meta name=\"twitter:card\" content=\"summary_large_image\" \/>\n<meta name=\"twitter:label1\" content=\"Dur\u00e9e de lecture estim\u00e9e\" \/>\n\t<meta name=\"twitter:data1\" content=\"2 minutes\" \/>\n<script type=\"application\/ld+json\" class=\"yoast-schema-graph\">{\"@context\":\"https:\/\/schema.org\",\"@graph\":[{\"@type\":\"WebPage\",\"@id\":\"https:\/\/fcslux.be\/index.php\/peppol\/\",\"url\":\"https:\/\/fcslux.be\/index.php\/peppol\/\",\"name\":\"Peppol - FCS informatique\",\"isPartOf\":{\"@id\":\"https:\/\/fcslux.be\/#website\"},\"primaryImageOfPage\":{\"@id\":\"https:\/\/fcslux.be\/index.php\/peppol\/#primaryimage\"},\"image\":{\"@id\":\"https:\/\/fcslux.be\/index.php\/peppol\/#primaryimage\"},\"thumbnailUrl\":\"http:\/\/fcslux.be\/wp-content\/uploads\/2025\/08\/image__3_-removebg-preview.png\",\"datePublished\":\"2025-08-05T11:07:43+00:00\",\"dateModified\":\"2025-08-08T08:44:38+00:00\",\"breadcrumb\":{\"@id\":\"https:\/\/fcslux.be\/index.php\/peppol\/#breadcrumb\"},\"inLanguage\":\"fr-FR\",\"potentialAction\":[{\"@type\":\"ReadAction\",\"target\":[\"https:\/\/fcslux.be\/index.php\/peppol\/\"]}]},{\"@type\":\"ImageObject\",\"inLanguage\":\"fr-FR\",\"@id\":\"https:\/\/fcslux.be\/index.php\/peppol\/#primaryimage\",\"url\":\"https:\/\/fcslux.be\/wp-content\/uploads\/2025\/08\/image__3_-removebg-preview.png\",\"contentUrl\":\"https:\/\/fcslux.be\/wp-content\/uploads\/2025\/08\/image__3_-removebg-preview.png\",\"width\":416,\"height\":133},{\"@type\":\"BreadcrumbList\",\"@id\":\"https:\/\/fcslux.be\/index.php\/peppol\/#breadcrumb\",\"itemListElement\":[{\"@type\":\"ListItem\",\"position\":1,\"name\":\"Accueil\",\"item\":\"https:\/\/fcslux.be\/\"},{\"@type\":\"ListItem\",\"position\":2,\"name\":\"Peppol\"}]},{\"@type\":\"WebSite\",\"@id\":\"https:\/\/fcslux.be\/#website\",\"url\":\"https:\/\/fcslux.be\/\",\"name\":\"FCS informatique\",\"description\":\"FCS informatique - Customise your company\",\"publisher\":{\"@id\":\"https:\/\/fcslux.be\/#organization\"},\"potentialAction\":[{\"@type\":\"SearchAction\",\"target\":{\"@type\":\"EntryPoint\",\"urlTemplate\":\"https:\/\/fcslux.be\/?s={search_term_string}\"},\"query-input\":{\"@type\":\"PropertyValueSpecification\",\"valueRequired\":true,\"valueName\":\"search_term_string\"}}],\"inLanguage\":\"fr-FR\"},{\"@type\":\"Organization\",\"@id\":\"https:\/\/fcslux.be\/#organization\",\"name\":\"FCS informatique\",\"url\":\"https:\/\/fcslux.be\/\",\"logo\":{\"@type\":\"ImageObject\",\"inLanguage\":\"fr-FR\",\"@id\":\"https:\/\/fcslux.be\/#\/schema\/logo\/image\/\",\"url\":\"https:\/\/fcslux.be\/wp-content\/uploads\/2025\/08\/image__2_-removebg-preview-2.png\",\"contentUrl\":\"https:\/\/fcslux.be\/wp-content\/uploads\/2025\/08\/image__2_-removebg-preview-2.png\",\"width\":404,\"height\":343,\"caption\":\"FCS informatique\"},\"image\":{\"@id\":\"https:\/\/fcslux.be\/#\/schema\/logo\/image\/\"}}]}<\/script>\n<!-- \/ Yoast SEO plugin. -->","yoast_head_json":{"title":"Peppol - FCS informatique","robots":{"index":"index","follow":"follow","max-snippet":"max-snippet:-1","max-image-preview":"max-image-preview:large","max-video-preview":"max-video-preview:-1"},"canonical":"https:\/\/fcslux.be\/index.php\/peppol\/","og_locale":"fr_FR","og_type":"article","og_title":"Peppol - FCS informatique","og_url":"https:\/\/fcslux.be\/index.php\/peppol\/","og_site_name":"FCS informatique","article_modified_time":"2025-08-08T08:44:38+00:00","og_image":[{"width":416,"height":133,"url":"https:\/\/fcslux.be\/wp-content\/uploads\/2025\/08\/image__3_-removebg-preview.png","type":"image\/png"}],"twitter_card":"summary_large_image","twitter_misc":{"Dur\u00e9e de lecture estim\u00e9e":"2 minutes"},"schema":{"@context":"https:\/\/schema.org","@graph":[{"@type":"WebPage","@id":"https:\/\/fcslux.be\/index.php\/peppol\/","url":"https:\/\/fcslux.be\/index.php\/peppol\/","name":"Peppol - FCS informatique","isPartOf":{"@id":"https:\/\/fcslux.be\/#website"},"primaryImageOfPage":{"@id":"https:\/\/fcslux.be\/index.php\/peppol\/#primaryimage"},"image":{"@id":"https:\/\/fcslux.be\/index.php\/peppol\/#primaryimage"},"thumbnailUrl":"http:\/\/fcslux.be\/wp-content\/uploads\/2025\/08\/image__3_-removebg-preview.png","datePublished":"2025-08-05T11:07:43+00:00","dateModified":"2025-08-08T08:44:38+00:00","breadcrumb":{"@id":"https:\/\/fcslux.be\/index.php\/peppol\/#breadcrumb"},"inLanguage":"fr-FR","potentialAction":[{"@type":"ReadAction","target":["https:\/\/fcslux.be\/index.php\/peppol\/"]}]},{"@type":"ImageObject","inLanguage":"fr-FR","@id":"https:\/\/fcslux.be\/index.php\/peppol\/#primaryimage","url":"https:\/\/fcslux.be\/wp-content\/uploads\/2025\/08\/image__3_-removebg-preview.png","contentUrl":"https:\/\/fcslux.be\/wp-content\/uploads\/2025\/08\/image__3_-removebg-preview.png","width":416,"height":133},{"@type":"BreadcrumbList","@id":"https:\/\/fcslux.be\/index.php\/peppol\/#breadcrumb","itemListElement":[{"@type":"ListItem","position":1,"name":"Accueil","item":"https:\/\/fcslux.be\/"},{"@type":"ListItem","position":2,"name":"Peppol"}]},{"@type":"WebSite","@id":"https:\/\/fcslux.be\/#website","url":"https:\/\/fcslux.be\/","name":"FCS informatique","description":"FCS informatique - Customise your company","publisher":{"@id":"https:\/\/fcslux.be\/#organization"},"potentialAction":[{"@type":"SearchAction","target":{"@type":"EntryPoint","urlTemplate":"https:\/\/fcslux.be\/?s={search_term_string}"},"query-input":{"@type":"PropertyValueSpecification","valueRequired":true,"valueName":"search_term_string"}}],"inLanguage":"fr-FR"},{"@type":"Organization","@id":"https:\/\/fcslux.be\/#organization","name":"FCS informatique","url":"https:\/\/fcslux.be\/","logo":{"@type":"ImageObject","inLanguage":"fr-FR","@id":"https:\/\/fcslux.be\/#\/schema\/logo\/image\/","url":"https:\/\/fcslux.be\/wp-content\/uploads\/2025\/08\/image__2_-removebg-preview-2.png","contentUrl":"https:\/\/fcslux.be\/wp-content\/uploads\/2025\/08\/image__2_-removebg-preview-2.png","width":404,"height":343,"caption":"FCS informatique"},"image":{"@id":"https:\/\/fcslux.be\/#\/schema\/logo\/image\/"}}]}},"_links":{"self":[{"href":"https:\/\/fcslux.be\/index.php\/wp-json\/wp\/v2\/pages\/40","targetHints":{"allow":["GET"]}}],"collection":[{"href":"https:\/\/fcslux.be\/index.php\/wp-json\/wp\/v2\/pages"}],"about":[{"href":"https:\/\/fcslux.be\/index.php\/wp-json\/wp\/v2\/types\/page"}],"author":[{"embeddable":true,"href":"https:\/\/fcslux.be\/index.php\/wp-json\/wp\/v2\/users\/1"}],"replies":[{"embeddable":true,"href":"https:\/\/fcslux.be\/index.php\/wp-json\/wp\/v2\/comments?post=40"}],"version-history":[{"count":18,"href":"https:\/\/fcslux.be\/index.php\/wp-json\/wp\/v2\/pages\/40\/revisions"}],"predecessor-version":[{"id":455,"href":"https:\/\/fcslux.be\/index.php\/wp-json\/wp\/v2\/pages\/40\/revisions\/455"}],"wp:attachment":[{"href":"https:\/\/fcslux.be\/index.php\/wp-json\/wp\/v2\/media?parent=40"}],"curies":[{"name":"wp","href":"https:\/\/api.w.org\/{rel}","templated":true}]}}