{"id":42,"date":"2025-08-05T11:08:01","date_gmt":"2025-08-05T11:08:01","guid":{"rendered":"http:\/\/fcslux.be\/?page_id=42"},"modified":"2025-08-08T08:45:20","modified_gmt":"2025-08-08T08:45:20","slug":"service-materiel-informatique","status":"publish","type":"page","link":"https:\/\/fcslux.be\/index.php\/service-materiel-informatique\/","title":{"rendered":"Service &amp; Mat\u00e9riel informatique"},"content":{"rendered":"\n<div class=\"wp-block-cover alignfull is-light has-text-color\" style=\"color:#422f01;margin-top:0;margin-bottom:0;padding-top:250px;padding-bottom:100px;min-height:50px;aspect-ratio:unset;\"><span aria-hidden=\"true\" class=\"wp-block-cover__background has-background-dim-10 has-background-dim\" style=\"background-color:#1d86b5\"><\/span><div class=\"wp-block-cover__inner-container has-global-padding is-layout-constrained wp-container-core-cover-is-layout-60668116 wp-block-cover-is-layout-constrained\">\n<div class=\"wp-block-columns is-layout-flex wp-container-core-columns-is-layout-28f84493 wp-block-columns-is-layout-flex\">\n<div class=\"wp-block-column is-layout-flow wp-block-column-is-layout-flow\" style=\"flex-basis:700px\">\n<h1 class=\"wp-block-heading has-text-color\" id=\"mqF8JDI3DGI0YdFC\" style=\"color:#422f01;padding-right:0;font-size:clamp(26.944px, 1.684rem + ((1vw - 3.2px) * 2.165), 46px);line-height:1.1\"><strong>Service &amp; Mat\u00e9riel informatique<\/strong><br>Du mat\u00e9riel pro, un service cl\u00e9 en main !<\/h1>\n<\/div>\n<\/div>\n<\/div><\/div>\n\n\n\n<div class=\"wp-block-cover alignfull is-light has-text-color\" style=\"color:#422f01;margin-top:0;margin-bottom:0;padding-top:0;padding-bottom:0\"><span aria-hidden=\"true\" class=\"wp-block-cover__background has-white-background-color has-background-dim-100 has-background-dim\"><\/span><div class=\"wp-block-cover__inner-container has-global-padding is-layout-constrained wp-container-core-cover-is-layout-a1f68796 wp-block-cover-is-layout-constrained\">\n<div class=\"wp-block-columns is-layout-flex wp-container-core-columns-is-layout-e524df8a wp-block-columns-is-layout-flex\">\n<div class=\"wp-block-column is-vertically-aligned-center is-layout-flow wp-container-core-column-is-layout-b318c39d wp-block-column-is-layout-flow\" style=\"padding-top:50px;padding-right:40px;padding-bottom:50px\">\n<p class=\"has-text-color\" style=\"color:#422f01;font-size:clamp(14px, 0.875rem + ((1vw - 3.2px) * 0.455), 18px);line-height:1.7\"><br>En plus de nos solutions logicielles, nous vous accompagnons dans l\u2019ensemble de vos besoins en infrastructure informatique.<br>Nous proposons \u00e0 la fois un <span style=\"color:#1D86B5;\"><strong>service d\u2019installation sur site<\/strong><\/span> et une <span style=\"color:#1D86B5;\"><strong>offre compl\u00e8te de mat\u00e9riel informatique<\/strong><\/span>, adapt\u00e9e aux exigences de votre activit\u00e9.<\/p>\n<\/div>\n\n\n\n<div class=\"wp-block-column is-layout-flow wp-block-column-is-layout-flow\" style=\"flex-basis:50%\">\n<figure class=\"wp-block-image size-full\"><img loading=\"lazy\" decoding=\"async\" width=\"498\" height=\"501\" src=\"http:\/\/fcslux.be\/wp-content\/uploads\/2025\/08\/image__9_-removebg-preview.png\" alt=\"\" class=\"wp-image-349\" srcset=\"https:\/\/fcslux.be\/wp-content\/uploads\/2025\/08\/image__9_-removebg-preview.png 498w, https:\/\/fcslux.be\/wp-content\/uploads\/2025\/08\/image__9_-removebg-preview-298x300.png 298w, https:\/\/fcslux.be\/wp-content\/uploads\/2025\/08\/image__9_-removebg-preview-150x150.png 150w\" sizes=\"auto, (max-width: 498px) 100vw, 498px\" \/><\/figure>\n<\/div>\n<\/div>\n<\/div><\/div>\n\n\n\n<div class=\"wp-block-cover alignfull is-light has-text-color\" style=\"color:#422f01;margin-top:0;margin-bottom:0;padding-top:120px;padding-bottom:120px\"><span aria-hidden=\"true\" class=\"wp-block-cover__background has-background-dim-10 has-background-dim\" style=\"background-color:#1d86b5\"><\/span><div class=\"wp-block-cover__inner-container has-global-padding is-layout-constrained wp-container-core-cover-is-layout-bd210d9c wp-block-cover-is-layout-constrained\">\n<div class=\"wp-block-columns is-layout-flex wp-container-core-columns-is-layout-28f84493 wp-block-columns-is-layout-flex\">\n<div class=\"wp-block-column is-layout-flow wp-block-column-is-layout-flow\" style=\"padding-right:36px;padding-left:36px\">\n<h3 class=\"wp-block-heading has-text-align-left has-text-color has-link-color wp-elements-96f7eec76b2e0974e49905ff29734dbd\" style=\"color:#422f01;margin-top:40px;margin-bottom:12px;font-size:clamp(15.747px, 0.984rem + ((1vw - 3.2px) * 0.938), 24px);font-style:normal;font-weight:700;line-height:1.5\"><strong><strong><strong>Fourniture de mat\u00e9riel informatique<\/strong><\/strong><\/strong><\/h3>\n\n\n\n<p class=\"has-text-align-left has-text-color\" style=\"color:#422f01;margin-top:0px;font-size:clamp(14px, 0.875rem + ((1vw - 3.2px) * 0.455), 18px);line-height:1.6\">Ordinateurs fixes ou portables, imprimantes, scanners, p\u00e9riph\u00e9riques, serveurs, \u00e9quipements r\u00e9seau, solutions de sauvegarde, etc.<br>Nous s\u00e9lectionnons pour vous des \u00e9quipements <span style=\"color:#1D86B5;\"><strong>fiables, performants et durables<\/strong><\/span>, en partenariat avec des marques reconnues.<br>Nous proposons \u00e9galement la <span style=\"color:#1D86B5;\"><strong>fourniture de licences Microsoft<\/strong><\/span> (Windows, Office, etc.), pour garantir \u00e0 votre entreprise un environnement de travail conforme, s\u00e9curis\u00e9 et productif.<br>Vous b\u00e9n\u00e9ficiez de conseils personnalis\u00e9s pour choisir le mat\u00e9riel et les logiciels les plus adapt\u00e9s \u00e0 votre environnement professionnel.<\/p>\n<\/div>\n\n\n\n<div class=\"wp-block-column is-layout-flow wp-block-column-is-layout-flow\" style=\"padding-right:36px;padding-left:36px\">\n<h3 class=\"wp-block-heading has-text-align-left has-text-color has-link-color wp-elements-39ffc26e3a3c2afb7fd890505d4f5b44\" style=\"color:#422f01;margin-top:40px;margin-bottom:12px;font-size:clamp(15.747px, 0.984rem + ((1vw - 3.2px) * 0.938), 24px);font-style:normal;font-weight:700;line-height:1.5\"><strong><strong>Services d&rsquo;installation et de configuration<\/strong><\/strong><\/h3>\n\n\n\n<p class=\"has-text-align-left has-text-color has-link-color wp-elements-794daad7cd665675fc7764ff9c69ea3e\" style=\"color:#422f01;margin-top:0px;font-size:clamp(14px, 0.875rem + ((1vw - 3.2px) * 0.455), 18px);line-height:1.6\">Nous intervenons sur site pour la <span style=\"color:#1D86B5;\"><strong>mise en place compl\u00e8te de votre installation informatique<\/strong><\/span> : c\u00e2blage, param\u00e9trage r\u00e9seau, installation de logiciels, configuration des p\u00e9riph\u00e9riques, s\u00e9curit\u00e9 informatique, cr\u00e9ation de postes utilisateurs, etc.<br>Nous vous assurons une <span style=\"color:#1D86B5;\"><strong>prise en main rapide<\/strong><\/span> de vos \u00e9quipements, ainsi qu\u2019un accompagnement technique de proximit\u00e9.<\/p>\n<\/div>\n<\/div>\n\n\n\n<div class=\"wp-block-columns is-layout-flex wp-container-core-columns-is-layout-28f84493 wp-block-columns-is-layout-flex\">\n<div class=\"wp-block-column is-layout-flow wp-block-column-is-layout-flow\" style=\"padding-right:36px;padding-left:36px\">\n<h3 class=\"wp-block-heading has-text-align-center has-text-color has-link-color wp-elements-8476bfbc88a9f4b7580daf404504fdee\" style=\"color:#422f01;margin-top:40px;margin-bottom:12px;font-size:clamp(15.747px, 0.984rem + ((1vw - 3.2px) * 0.938), 24px);font-style:normal;font-weight:700;line-height:1.5\"><strong><strong><strong><strong>Gagnez en tranquillit\u00e9 d\u2019esprit avec un prestataire unique pour vos outils logiciels, votre mat\u00e9riel et votre infrastructure<\/strong><\/strong><\/strong><\/strong> !<\/h3>\n<\/div>\n<\/div>\n<\/div><\/div>\n\n\n\n<div class=\"wp-block-cover alignfull has-text-color\" style=\"color:#422f01;margin-top:0;margin-bottom:0;padding-top:100px;padding-bottom:120px;aspect-ratio:unset;\"><span aria-hidden=\"true\" class=\"wp-block-cover__background has-background-dim-100 has-background-dim\" style=\"background-color:#1d86b5\"><\/span><div class=\"wp-block-cover__inner-container has-global-padding is-layout-constrained wp-container-core-cover-is-layout-f2777eb8 wp-block-cover-is-layout-constrained\">\n<div class=\"wp-block-columns is-layout-flex wp-container-core-columns-is-layout-28f84493 wp-block-columns-is-layout-flex\">\n<div class=\"wp-block-column is-layout-flow wp-block-column-is-layout-flow\" style=\"flex-basis:1100px\">\n<h2 class=\"wp-block-heading has-text-align-left has-text-color\" style=\"color:#ffffff;margin-top:0px;margin-bottom:0px;font-size:clamp(26.465px, 1.654rem + ((1vw - 3.2px) * 2.106), 45px);font-style:normal;font-weight:700\">Besoin de mat\u00e9riel\/service informatique ?<\/h2>\n\n\n\n<div class=\"wp-block-buttons is-layout-flex wp-block-buttons-is-layout-flex\" style=\"margin-top:0px;padding-top:1.5rem;padding-bottom:1.5rem\">\n<div class=\"wp-block-button\"><a class=\"wp-block-button__link has-text-color has-background has-custom-font-size wp-element-button\" href=\"http:\/\/fcslux.be\/index.php\/contact\/\" style=\"border-radius:50px;color:#1d86b5;background-color:#ffffff;padding-top:20px;padding-right:60px;padding-bottom:20px;padding-left:60px;box-shadow:6px 6px 9px rgba(0, 0, 0, 0.2);font-size:clamp(14.642px, 0.915rem + ((1vw - 3.2px) * 0.836), 22px);\"><strong>Contactez-nous !<\/strong><\/a><\/div>\n<\/div>\n<\/div>\n<\/div>\n<\/div><\/div>\n","protected":false},"excerpt":{"rendered":"","protected":false},"author":1,"featured_media":0,"parent":0,"menu_order":0,"comment_status":"closed","ping_status":"closed","template":"","meta":{"footnotes":""},"class_list":["post-42","page","type-page","status-publish","hentry"],"yoast_head":"<!-- This site is optimized with the Yoast SEO plugin v25.7 - https:\/\/yoast.com\/wordpress\/plugins\/seo\/ -->\n<title>Service &amp; Mat\u00e9riel informatique - FCS informatique<\/title>\n<meta name=\"robots\" content=\"index, follow, max-snippet:-1, max-image-preview:large, max-video-preview:-1\" \/>\n<link rel=\"canonical\" href=\"https:\/\/fcslux.be\/index.php\/service-materiel-informatique\/\" \/>\n<meta property=\"og:locale\" content=\"fr_FR\" \/>\n<meta property=\"og:type\" content=\"article\" \/>\n<meta property=\"og:title\" content=\"Service &amp; Mat\u00e9riel informatique - FCS informatique\" \/>\n<meta property=\"og:url\" content=\"https:\/\/fcslux.be\/index.php\/service-materiel-informatique\/\" \/>\n<meta property=\"og:site_name\" content=\"FCS informatique\" \/>\n<meta property=\"article:modified_time\" content=\"2025-08-08T08:45:20+00:00\" \/>\n<meta property=\"og:image\" content=\"https:\/\/fcslux.be\/wp-content\/uploads\/2025\/08\/image__9_-removebg-preview.png\" \/>\n\t<meta property=\"og:image:width\" content=\"498\" \/>\n\t<meta property=\"og:image:height\" content=\"501\" \/>\n\t<meta property=\"og:image:type\" content=\"image\/png\" \/>\n<meta name=\"twitter:card\" content=\"summary_large_image\" \/>\n<meta name=\"twitter:label1\" content=\"Dur\u00e9e de lecture estim\u00e9e\" \/>\n\t<meta name=\"twitter:data1\" content=\"1 minute\" \/>\n<script type=\"application\/ld+json\" class=\"yoast-schema-graph\">{\"@context\":\"https:\/\/schema.org\",\"@graph\":[{\"@type\":\"WebPage\",\"@id\":\"https:\/\/fcslux.be\/index.php\/service-materiel-informatique\/\",\"url\":\"https:\/\/fcslux.be\/index.php\/service-materiel-informatique\/\",\"name\":\"Service &amp; Mat\u00e9riel informatique - FCS informatique\",\"isPartOf\":{\"@id\":\"https:\/\/fcslux.be\/#website\"},\"primaryImageOfPage\":{\"@id\":\"https:\/\/fcslux.be\/index.php\/service-materiel-informatique\/#primaryimage\"},\"image\":{\"@id\":\"https:\/\/fcslux.be\/index.php\/service-materiel-informatique\/#primaryimage\"},\"thumbnailUrl\":\"http:\/\/fcslux.be\/wp-content\/uploads\/2025\/08\/image__9_-removebg-preview.png\",\"datePublished\":\"2025-08-05T11:08:01+00:00\",\"dateModified\":\"2025-08-08T08:45:20+00:00\",\"breadcrumb\":{\"@id\":\"https:\/\/fcslux.be\/index.php\/service-materiel-informatique\/#breadcrumb\"},\"inLanguage\":\"fr-FR\",\"potentialAction\":[{\"@type\":\"ReadAction\",\"target\":[\"https:\/\/fcslux.be\/index.php\/service-materiel-informatique\/\"]}]},{\"@type\":\"ImageObject\",\"inLanguage\":\"fr-FR\",\"@id\":\"https:\/\/fcslux.be\/index.php\/service-materiel-informatique\/#primaryimage\",\"url\":\"https:\/\/fcslux.be\/wp-content\/uploads\/2025\/08\/image__9_-removebg-preview.png\",\"contentUrl\":\"https:\/\/fcslux.be\/wp-content\/uploads\/2025\/08\/image__9_-removebg-preview.png\",\"width\":498,\"height\":501},{\"@type\":\"BreadcrumbList\",\"@id\":\"https:\/\/fcslux.be\/index.php\/service-materiel-informatique\/#breadcrumb\",\"itemListElement\":[{\"@type\":\"ListItem\",\"position\":1,\"name\":\"Accueil\",\"item\":\"https:\/\/fcslux.be\/\"},{\"@type\":\"ListItem\",\"position\":2,\"name\":\"Service &amp; Mat\u00e9riel informatique\"}]},{\"@type\":\"WebSite\",\"@id\":\"https:\/\/fcslux.be\/#website\",\"url\":\"https:\/\/fcslux.be\/\",\"name\":\"FCS informatique\",\"description\":\"FCS informatique - Customise your company\",\"publisher\":{\"@id\":\"https:\/\/fcslux.be\/#organization\"},\"potentialAction\":[{\"@type\":\"SearchAction\",\"target\":{\"@type\":\"EntryPoint\",\"urlTemplate\":\"https:\/\/fcslux.be\/?s={search_term_string}\"},\"query-input\":{\"@type\":\"PropertyValueSpecification\",\"valueRequired\":true,\"valueName\":\"search_term_string\"}}],\"inLanguage\":\"fr-FR\"},{\"@type\":\"Organization\",\"@id\":\"https:\/\/fcslux.be\/#organization\",\"name\":\"FCS informatique\",\"url\":\"https:\/\/fcslux.be\/\",\"logo\":{\"@type\":\"ImageObject\",\"inLanguage\":\"fr-FR\",\"@id\":\"https:\/\/fcslux.be\/#\/schema\/logo\/image\/\",\"url\":\"https:\/\/fcslux.be\/wp-content\/uploads\/2025\/08\/image__2_-removebg-preview-2.png\",\"contentUrl\":\"https:\/\/fcslux.be\/wp-content\/uploads\/2025\/08\/image__2_-removebg-preview-2.png\",\"width\":404,\"height\":343,\"caption\":\"FCS informatique\"},\"image\":{\"@id\":\"https:\/\/fcslux.be\/#\/schema\/logo\/image\/\"}}]}<\/script>\n<!-- \/ Yoast SEO plugin. -->","yoast_head_json":{"title":"Service &amp; Mat\u00e9riel informatique - FCS informatique","robots":{"index":"index","follow":"follow","max-snippet":"max-snippet:-1","max-image-preview":"max-image-preview:large","max-video-preview":"max-video-preview:-1"},"canonical":"https:\/\/fcslux.be\/index.php\/service-materiel-informatique\/","og_locale":"fr_FR","og_type":"article","og_title":"Service &amp; Mat\u00e9riel informatique - FCS informatique","og_url":"https:\/\/fcslux.be\/index.php\/service-materiel-informatique\/","og_site_name":"FCS informatique","article_modified_time":"2025-08-08T08:45:20+00:00","og_image":[{"width":498,"height":501,"url":"https:\/\/fcslux.be\/wp-content\/uploads\/2025\/08\/image__9_-removebg-preview.png","type":"image\/png"}],"twitter_card":"summary_large_image","twitter_misc":{"Dur\u00e9e de lecture estim\u00e9e":"1 minute"},"schema":{"@context":"https:\/\/schema.org","@graph":[{"@type":"WebPage","@id":"https:\/\/fcslux.be\/index.php\/service-materiel-informatique\/","url":"https:\/\/fcslux.be\/index.php\/service-materiel-informatique\/","name":"Service &amp; Mat\u00e9riel informatique - FCS informatique","isPartOf":{"@id":"https:\/\/fcslux.be\/#website"},"primaryImageOfPage":{"@id":"https:\/\/fcslux.be\/index.php\/service-materiel-informatique\/#primaryimage"},"image":{"@id":"https:\/\/fcslux.be\/index.php\/service-materiel-informatique\/#primaryimage"},"thumbnailUrl":"http:\/\/fcslux.be\/wp-content\/uploads\/2025\/08\/image__9_-removebg-preview.png","datePublished":"2025-08-05T11:08:01+00:00","dateModified":"2025-08-08T08:45:20+00:00","breadcrumb":{"@id":"https:\/\/fcslux.be\/index.php\/service-materiel-informatique\/#breadcrumb"},"inLanguage":"fr-FR","potentialAction":[{"@type":"ReadAction","target":["https:\/\/fcslux.be\/index.php\/service-materiel-informatique\/"]}]},{"@type":"ImageObject","inLanguage":"fr-FR","@id":"https:\/\/fcslux.be\/index.php\/service-materiel-informatique\/#primaryimage","url":"https:\/\/fcslux.be\/wp-content\/uploads\/2025\/08\/image__9_-removebg-preview.png","contentUrl":"https:\/\/fcslux.be\/wp-content\/uploads\/2025\/08\/image__9_-removebg-preview.png","width":498,"height":501},{"@type":"BreadcrumbList","@id":"https:\/\/fcslux.be\/index.php\/service-materiel-informatique\/#breadcrumb","itemListElement":[{"@type":"ListItem","position":1,"name":"Accueil","item":"https:\/\/fcslux.be\/"},{"@type":"ListItem","position":2,"name":"Service &amp; Mat\u00e9riel informatique"}]},{"@type":"WebSite","@id":"https:\/\/fcslux.be\/#website","url":"https:\/\/fcslux.be\/","name":"FCS informatique","description":"FCS informatique - Customise your company","publisher":{"@id":"https:\/\/fcslux.be\/#organization"},"potentialAction":[{"@type":"SearchAction","target":{"@type":"EntryPoint","urlTemplate":"https:\/\/fcslux.be\/?s={search_term_string}"},"query-input":{"@type":"PropertyValueSpecification","valueRequired":true,"valueName":"search_term_string"}}],"inLanguage":"fr-FR"},{"@type":"Organization","@id":"https:\/\/fcslux.be\/#organization","name":"FCS informatique","url":"https:\/\/fcslux.be\/","logo":{"@type":"ImageObject","inLanguage":"fr-FR","@id":"https:\/\/fcslux.be\/#\/schema\/logo\/image\/","url":"https:\/\/fcslux.be\/wp-content\/uploads\/2025\/08\/image__2_-removebg-preview-2.png","contentUrl":"https:\/\/fcslux.be\/wp-content\/uploads\/2025\/08\/image__2_-removebg-preview-2.png","width":404,"height":343,"caption":"FCS informatique"},"image":{"@id":"https:\/\/fcslux.be\/#\/schema\/logo\/image\/"}}]}},"_links":{"self":[{"href":"https:\/\/fcslux.be\/index.php\/wp-json\/wp\/v2\/pages\/42","targetHints":{"allow":["GET"]}}],"collection":[{"href":"https:\/\/fcslux.be\/index.php\/wp-json\/wp\/v2\/pages"}],"about":[{"href":"https:\/\/fcslux.be\/index.php\/wp-json\/wp\/v2\/types\/page"}],"author":[{"embeddable":true,"href":"https:\/\/fcslux.be\/index.php\/wp-json\/wp\/v2\/users\/1"}],"replies":[{"embeddable":true,"href":"https:\/\/fcslux.be\/index.php\/wp-json\/wp\/v2\/comments?post=42"}],"version-history":[{"count":14,"href":"https:\/\/fcslux.be\/index.php\/wp-json\/wp\/v2\/pages\/42\/revisions"}],"predecessor-version":[{"id":456,"href":"https:\/\/fcslux.be\/index.php\/wp-json\/wp\/v2\/pages\/42\/revisions\/456"}],"wp:attachment":[{"href":"https:\/\/fcslux.be\/index.php\/wp-json\/wp\/v2\/media?parent=42"}],"curies":[{"name":"wp","href":"https:\/\/api.w.org\/{rel}","templated":true}]}}